
{"id":1391,"date":"2025-05-29T09:18:30","date_gmt":"2025-05-29T09:18:30","guid":{"rendered":"https:\/\/lalibreripollet.es\/?post_type=product&#038;p=1391"},"modified":"2025-06-02T10:59:02","modified_gmt":"2025-06-02T10:59:02","slug":"uzumaki","status":"publish","type":"product","link":"https:\/\/lalibreripollet.es\/ca\/producte\/uzumaki\/","title":{"rendered":"Uzumaki"},"content":{"rendered":"<p><b><strong>Sinopsis:<\/strong><\/b> <span data-sheets-root=\"1\">Kurouzu, un peque\u00f1o pueblo rodeado por la niebla en la costa de Jap\u00f3n, est\u00e1 maldito. Seg\u00fan Sh\u00fbichi Sait\u00f4, el novio de la joven Kirie Goshima, su hogar est\u00e1 encantado, no por una persona, sino por un patr\u00f3n: Uzumaki, la espiral, el secreto hipn\u00f3tico que da forma al mundo. \u00a1D\u00e9jate caer en la espiral de terror! Por fin en un tomo \u00fanico.<\/span><b><br \/>\n<strong>ISBN:<\/strong><\/b> <span data-sheets-root=\"1\">9788491465843<\/span><b><br \/>\n<strong>Fecha de Publicaci\u00f3n:<\/strong><\/b> <span data-sheets-root=\"1\">octubre de 2017<\/span><\/p>","protected":false},"excerpt":{"rendered":"<p><b><strong>Sinopsis:<\/strong><\/b> <span data-sheets-root=\"1\">Kurouzu, un peque\u00f1o pueblo rodeado por la niebla en la costa de Jap\u00f3n, est\u00e1 maldito. Seg\u00fan Sh\u00fbichi Sait\u00f4, el novio de la joven Kirie Goshima, su hogar est\u00e1 encantado, no por una persona, sino por un patr\u00f3n: Uzumaki, la espiral, el secreto hipn\u00f3tico que da forma al mundo. \u00a1D\u00e9jate caer en la espiral de terror! Por fin en un tomo \u00fanico.<\/span><b><br \/>\n<strong>ISBN:<\/strong><\/b> <span data-sheets-root=\"1\">9788491465843<\/span><b><br \/>\n<strong>Fecha de Publicaci\u00f3n:<\/strong><\/b> <span data-sheets-root=\"1\">octubre de 2017<\/span><\/p>","protected":false},"featured_media":1500,"template":"","meta":{"site-sidebar-layout":"default","site-content-layout":"","ast-site-content-layout":"default","site-content-style":"default","site-sidebar-style":"default","ast-global-header-display":"","ast-banner-title-visibility":"","ast-main-header-display":"","ast-hfb-above-header-display":"","ast-hfb-below-header-display":"","ast-hfb-mobile-header-display":"","site-post-title":"","ast-breadcrumbs-content":"","ast-featured-img":"","footer-sml-layout":"","theme-transparent-header-meta":"default","adv-header-id-meta":"","stick-header-meta":"","header-above-stick-meta":"","header-main-stick-meta":"","header-below-stick-meta":"","astra-migrate-meta-layouts":"set","ast-page-background-enabled":"default","ast-page-background-meta":{"desktop":{"background-color":"","background-image":"","background-repeat":"repeat","background-position":"center center","background-size":"auto","background-attachment":"scroll","background-type":"","background-media":"","overlay-type":"","overlay-color":"","overlay-opacity":"","overlay-gradient":""},"tablet":{"background-color":"","background-image":"","background-repeat":"repeat","background-position":"center center","background-size":"auto","background-attachment":"scroll","background-type":"","background-media":"","overlay-type":"","overlay-color":"","overlay-opacity":"","overlay-gradient":""},"mobile":{"background-color":"","background-image":"","background-repeat":"repeat","background-position":"center center","background-size":"auto","background-attachment":"scroll","background-type":"","background-media":"","overlay-type":"","overlay-color":"","overlay-opacity":"","overlay-gradient":""}},"ast-content-background-meta":{"desktop":{"background-color":"var(--ast-global-color-5)","background-image":"","background-repeat":"repeat","background-position":"center center","background-size":"auto","background-attachment":"scroll","background-type":"","background-media":"","overlay-type":"","overlay-color":"","overlay-opacity":"","overlay-gradient":""},"tablet":{"background-color":"var(--ast-global-color-5)","background-image":"","background-repeat":"repeat","background-position":"center center","background-size":"auto","background-attachment":"scroll","background-type":"","background-media":"","overlay-type":"","overlay-color":"","overlay-opacity":"","overlay-gradient":""},"mobile":{"background-color":"var(--ast-global-color-5)","background-image":"","background-repeat":"repeat","background-position":"center center","background-size":"auto","background-attachment":"scroll","background-type":"","background-media":"","overlay-type":"","overlay-color":"","overlay-opacity":"","overlay-gradient":""}}},"product_brand":[],"product_cat":[60,35,59,263,30,262,260,98],"product_tag":[],"class_list":{"0":"post-1391","1":"product","2":"type-product","3":"status-publish","4":"has-post-thumbnail","6":"product_cat-autor","7":"product_cat-editorial","8":"product_cat-genero","9":"product_cat-junji-ito","10":"product_cat-manga","11":"product_cat-manga-adulto","12":"product_cat-planeta-comic","13":"product_cat-referencia","14":"desktop-align-left","15":"tablet-align-left","16":"mobile-align-left","18":"first","19":"instock","20":"shipping-taxable","21":"purchasable","22":"product-type-simple"},"_links":{"self":[{"href":"https:\/\/lalibreripollet.es\/ca\/wp-json\/wp\/v2\/product\/1391","targetHints":{"allow":["GET"]}}],"collection":[{"href":"https:\/\/lalibreripollet.es\/ca\/wp-json\/wp\/v2\/product"}],"about":[{"href":"https:\/\/lalibreripollet.es\/ca\/wp-json\/wp\/v2\/types\/product"}],"wp:featuredmedia":[{"embeddable":true,"href":"https:\/\/lalibreripollet.es\/ca\/wp-json\/wp\/v2\/media\/1500"}],"wp:attachment":[{"href":"https:\/\/lalibreripollet.es\/ca\/wp-json\/wp\/v2\/media?parent=1391"}],"wp:term":[{"taxonomy":"product_brand","embeddable":true,"href":"https:\/\/lalibreripollet.es\/ca\/wp-json\/wp\/v2\/product_brand?post=1391"},{"taxonomy":"product_cat","embeddable":true,"href":"https:\/\/lalibreripollet.es\/ca\/wp-json\/wp\/v2\/product_cat?post=1391"},{"taxonomy":"product_tag","embeddable":true,"href":"https:\/\/lalibreripollet.es\/ca\/wp-json\/wp\/v2\/product_tag?post=1391"}],"curies":[{"name":"wp","href":"https:\/\/api.w.org\/{rel}","templated":true}]}}