
{"id":1379,"date":"2025-05-29T08:42:01","date_gmt":"2025-05-29T08:42:01","guid":{"rendered":"https:\/\/lalibreripollet.es\/?post_type=product&#038;p=1379"},"modified":"2025-06-02T10:39:10","modified_gmt":"2025-06-02T10:39:10","slug":"el-psicopata-integrado","status":"publish","type":"product","link":"https:\/\/lalibreripollet.es\/ca\/producte\/el-psicopata-integrado\/","title":{"rendered":"El psic\u00f3pata integrado"},"content":{"rendered":"<p><b><strong>Sinopsis:<\/strong><\/b> <span data-sheets-root=\"1\">Le has entregado tu coraz\u00f3n. trabaja contigo. Le votas en las elecciones. Es un psic\u00f3pata, pero t\u00fa no lo sabes. \u00bfQuieres aprender c\u00f3mo identificarlo, manejarlo y defenderte? Vuelve Vicente Garrido con un libro muy \u00fatil para la vida y para \u00abtiempos raros\u00bb.<\/span><b><br \/>\n<strong>ISBN:<\/strong><\/b> <span data-sheets-root=\"1\">9788434437920<\/span><b><br \/>\n<strong>Fecha de Publicaci\u00f3n:<\/strong><\/b> septiembre de 2024<\/p>","protected":false},"excerpt":{"rendered":"<p><b><strong>Sinopsis:<\/strong><\/b> <span data-sheets-root=\"1\">Le has entregado tu coraz\u00f3n. trabaja contigo. Le votas en las elecciones. Es un psic\u00f3pata, pero t\u00fa no lo sabes. \u00bfQuieres aprender c\u00f3mo identificarlo, manejarlo y defenderte? Vuelve Vicente Garrido con un libro muy \u00fatil para la vida y para \u00abtiempos raros\u00bb.<\/span><b><br \/>\n<strong>ISBN:<\/strong><\/b> <span data-sheets-root=\"1\">9788434437920<\/span><b><br \/>\n<strong>Fecha de Publicaci\u00f3n:<\/strong><\/b> septiembre de 2024<\/p>","protected":false},"featured_media":1487,"template":"","meta":{"site-sidebar-layout":"default","site-content-layout":"","ast-site-content-layout":"default","site-content-style":"default","site-sidebar-style":"default","ast-global-header-display":"","ast-banner-title-visibility":"","ast-main-header-display":"","ast-hfb-above-header-display":"","ast-hfb-below-header-display":"","ast-hfb-mobile-header-display":"","site-post-title":"","ast-breadcrumbs-content":"","ast-featured-img":"","footer-sml-layout":"","theme-transparent-header-meta":"default","adv-header-id-meta":"","stick-header-meta":"","header-above-stick-meta":"","header-main-stick-meta":"","header-below-stick-meta":"","astra-migrate-meta-layouts":"set","ast-page-background-enabled":"default","ast-page-background-meta":{"desktop":{"background-color":"","background-image":"","background-repeat":"repeat","background-position":"center center","background-size":"auto","background-attachment":"scroll","background-type":"","background-media":"","overlay-type":"","overlay-color":"","overlay-opacity":"","overlay-gradient":""},"tablet":{"background-color":"","background-image":"","background-repeat":"repeat","background-position":"center center","background-size":"auto","background-attachment":"scroll","background-type":"","background-media":"","overlay-type":"","overlay-color":"","overlay-opacity":"","overlay-gradient":""},"mobile":{"background-color":"","background-image":"","background-repeat":"repeat","background-position":"center center","background-size":"auto","background-attachment":"scroll","background-type":"","background-media":"","overlay-type":"","overlay-color":"","overlay-opacity":"","overlay-gradient":""}},"ast-content-background-meta":{"desktop":{"background-color":"var(--ast-global-color-5)","background-image":"","background-repeat":"repeat","background-position":"center center","background-size":"auto","background-attachment":"scroll","background-type":"","background-media":"","overlay-type":"","overlay-color":"","overlay-opacity":"","overlay-gradient":""},"tablet":{"background-color":"var(--ast-global-color-5)","background-image":"","background-repeat":"repeat","background-position":"center center","background-size":"auto","background-attachment":"scroll","background-type":"","background-media":"","overlay-type":"","overlay-color":"","overlay-opacity":"","overlay-gradient":""},"mobile":{"background-color":"var(--ast-global-color-5)","background-image":"","background-repeat":"repeat","background-position":"center center","background-size":"auto","background-attachment":"scroll","background-type":"","background-media":"","overlay-type":"","overlay-color":"","overlay-opacity":"","overlay-gradient":""}}},"product_brand":[],"product_cat":[241,60,35,29,202,59,98,240],"product_tag":[],"class_list":{"0":"post-1379","1":"product","2":"type-product","3":"status-publish","4":"has-post-thumbnail","6":"product_cat-ariel","7":"product_cat-autor","8":"product_cat-editorial","9":"product_cat-ensayo","10":"product_cat-ensayo-referencia","11":"product_cat-genero","12":"product_cat-referencia","13":"product_cat-vicente-garrido","14":"desktop-align-left","15":"tablet-align-left","16":"mobile-align-left","18":"first","19":"instock","20":"shipping-taxable","21":"purchasable","22":"product-type-simple"},"_links":{"self":[{"href":"https:\/\/lalibreripollet.es\/ca\/wp-json\/wp\/v2\/product\/1379","targetHints":{"allow":["GET"]}}],"collection":[{"href":"https:\/\/lalibreripollet.es\/ca\/wp-json\/wp\/v2\/product"}],"about":[{"href":"https:\/\/lalibreripollet.es\/ca\/wp-json\/wp\/v2\/types\/product"}],"wp:featuredmedia":[{"embeddable":true,"href":"https:\/\/lalibreripollet.es\/ca\/wp-json\/wp\/v2\/media\/1487"}],"wp:attachment":[{"href":"https:\/\/lalibreripollet.es\/ca\/wp-json\/wp\/v2\/media?parent=1379"}],"wp:term":[{"taxonomy":"product_brand","embeddable":true,"href":"https:\/\/lalibreripollet.es\/ca\/wp-json\/wp\/v2\/product_brand?post=1379"},{"taxonomy":"product_cat","embeddable":true,"href":"https:\/\/lalibreripollet.es\/ca\/wp-json\/wp\/v2\/product_cat?post=1379"},{"taxonomy":"product_tag","embeddable":true,"href":"https:\/\/lalibreripollet.es\/ca\/wp-json\/wp\/v2\/product_tag?post=1379"}],"curies":[{"name":"wp","href":"https:\/\/api.w.org\/{rel}","templated":true}]}}