
{"id":1371,"date":"2025-05-29T08:00:22","date_gmt":"2025-05-29T08:00:22","guid":{"rendered":"https:\/\/lalibreripollet.es\/?post_type=product&#038;p=1371"},"modified":"2025-06-02T08:16:22","modified_gmt":"2025-06-02T08:16:22","slug":"devocion","status":"publish","type":"product","link":"https:\/\/lalibreripollet.es\/ca\/producte\/devocion\/","title":{"rendered":"Devoci\u00f3n"},"content":{"rendered":"<p><b><strong>Sinopsis:<\/strong><\/b> <span data-sheets-root=\"1\">En el mundo del esp\u00edritu no hay fronteras, la ausencia de fronteras es lo propiamente espiritual. Un mistico de hoy puede sentir a un m\u00edstico de cualquier pasado, sea de su tradici\u00f3n o de otra, como a un verdadero hermano. Pablo D&#8217;Ors regresa con la inequ\u00edvoca vocaci\u00f3n de transformar definitivamente a sus lectores.<\/span><b><br \/>\n<strong>ISBN:<\/strong><\/b> <span data-sheets-root=\"1\">9788410317239<\/span><b><br \/>\n<strong>Fecha de Publicaci\u00f3n:<\/strong><\/b> febrero de 2025<\/p>","protected":false},"excerpt":{"rendered":"<p><b><strong>Sinopsis:<\/strong><\/b> <span data-sheets-root=\"1\">En el mundo del esp\u00edritu no hay fronteras, la ausencia de fronteras es lo propiamente espiritual. Un mistico de hoy puede sentir a un m\u00edstico de cualquier pasado, sea de su tradici\u00f3n o de otra, como a un verdadero hermano. Pablo D&#8217;Ors regresa con la inequ\u00edvoca vocaci\u00f3n de transformar definitivamente a sus lectores.<\/span><b><br \/>\n<strong>ISBN:<\/strong><\/b> <span data-sheets-root=\"1\">9788410317239<\/span><b><br \/>\n<strong>Fecha de Publicaci\u00f3n:<\/strong><\/b> febrero de 2025<\/p>","protected":false},"featured_media":1478,"template":"","meta":{"site-sidebar-layout":"default","site-content-layout":"","ast-site-content-layout":"default","site-content-style":"default","site-sidebar-style":"default","ast-global-header-display":"","ast-banner-title-visibility":"","ast-main-header-display":"","ast-hfb-above-header-display":"","ast-hfb-below-header-display":"","ast-hfb-mobile-header-display":"","site-post-title":"","ast-breadcrumbs-content":"","ast-featured-img":"","footer-sml-layout":"","theme-transparent-header-meta":"default","adv-header-id-meta":"","stick-header-meta":"","header-above-stick-meta":"","header-main-stick-meta":"","header-below-stick-meta":"","astra-migrate-meta-layouts":"set","ast-page-background-enabled":"default","ast-page-background-meta":{"desktop":{"background-color":"","background-image":"","background-repeat":"repeat","background-position":"center center","background-size":"auto","background-attachment":"scroll","background-type":"","background-media":"","overlay-type":"","overlay-color":"","overlay-opacity":"","overlay-gradient":""},"tablet":{"background-color":"","background-image":"","background-repeat":"repeat","background-position":"center center","background-size":"auto","background-attachment":"scroll","background-type":"","background-media":"","overlay-type":"","overlay-color":"","overlay-opacity":"","overlay-gradient":""},"mobile":{"background-color":"","background-image":"","background-repeat":"repeat","background-position":"center center","background-size":"auto","background-attachment":"scroll","background-type":"","background-media":"","overlay-type":"","overlay-color":"","overlay-opacity":"","overlay-gradient":""}},"ast-content-background-meta":{"desktop":{"background-color":"var(--ast-global-color-5)","background-image":"","background-repeat":"repeat","background-position":"center center","background-size":"auto","background-attachment":"scroll","background-type":"","background-media":"","overlay-type":"","overlay-color":"","overlay-opacity":"","overlay-gradient":""},"tablet":{"background-color":"var(--ast-global-color-5)","background-image":"","background-repeat":"repeat","background-position":"center center","background-size":"auto","background-attachment":"scroll","background-type":"","background-media":"","overlay-type":"","overlay-color":"","overlay-opacity":"","overlay-gradient":""},"mobile":{"background-color":"var(--ast-global-color-5)","background-image":"","background-repeat":"repeat","background-position":"center center","background-size":"auto","background-attachment":"scroll","background-type":"","background-media":"","overlay-type":"","overlay-color":"","overlay-opacity":"","overlay-gradient":""}}},"product_brand":[],"product_cat":[60,35,223,220,222,46,59,221,98],"product_tag":[],"class_list":{"0":"post-1371","1":"product","2":"type-product","3":"status-publish","4":"has-post-thumbnail","6":"product_cat-autor","7":"product_cat-editorial","8":"product_cat-espiritualidad","9":"product_cat-filosofia","10":"product_cat-filosofia-genero","11":"product_cat-galaxia-gutemberg","12":"product_cat-genero","13":"product_cat-pablo-dors","14":"product_cat-referencia","15":"desktop-align-left","16":"tablet-align-left","17":"mobile-align-left","19":"first","20":"instock","21":"shipping-taxable","22":"purchasable","23":"product-type-simple"},"_links":{"self":[{"href":"https:\/\/lalibreripollet.es\/ca\/wp-json\/wp\/v2\/product\/1371","targetHints":{"allow":["GET"]}}],"collection":[{"href":"https:\/\/lalibreripollet.es\/ca\/wp-json\/wp\/v2\/product"}],"about":[{"href":"https:\/\/lalibreripollet.es\/ca\/wp-json\/wp\/v2\/types\/product"}],"wp:featuredmedia":[{"embeddable":true,"href":"https:\/\/lalibreripollet.es\/ca\/wp-json\/wp\/v2\/media\/1478"}],"wp:attachment":[{"href":"https:\/\/lalibreripollet.es\/ca\/wp-json\/wp\/v2\/media?parent=1371"}],"wp:term":[{"taxonomy":"product_brand","embeddable":true,"href":"https:\/\/lalibreripollet.es\/ca\/wp-json\/wp\/v2\/product_brand?post=1371"},{"taxonomy":"product_cat","embeddable":true,"href":"https:\/\/lalibreripollet.es\/ca\/wp-json\/wp\/v2\/product_cat?post=1371"},{"taxonomy":"product_tag","embeddable":true,"href":"https:\/\/lalibreripollet.es\/ca\/wp-json\/wp\/v2\/product_tag?post=1371"}],"curies":[{"name":"wp","href":"https:\/\/api.w.org\/{rel}","templated":true}]}}