
{"id":1366,"date":"2025-05-28T08:51:12","date_gmt":"2025-05-28T08:51:12","guid":{"rendered":"https:\/\/lalibreripollet.es\/?post_type=product&#038;p=1366"},"modified":"2025-06-02T08:08:08","modified_gmt":"2025-06-02T08:08:08","slug":"tiburon-el-libro-del-50-aniversario","status":"publish","type":"product","link":"https:\/\/lalibreripollet.es\/ca\/producte\/tiburon-el-libro-del-50-aniversario\/","title":{"rendered":"Tibur\u00f3n. El libro del 50 aniversario"},"content":{"rendered":"<p><b><strong>Sinopsis:<\/strong><\/b> <span data-sheets-root=\"1\">Todo un hito del cine contempor\u00e1neo, Tibur\u00f3n convulsion\u00f3 a los espectadores del mundo entero y consagr\u00f3 definitivamente a Steven Spielberg como uno de los directores m\u00e1s aclamados de su \u00e9poca, iniciando una corriente de films de terror subacu\u00e1tico que pervive hasta nuestros d\u00edas. Nada volvi\u00f3 a ser igual despu\u00e9s de este cl\u00e1sico.<\/span><b><br \/>\n<strong>ISBN:<\/strong><\/b> <span data-sheets-root=\"1\">9788410247291<\/span><b><br \/>\n<strong>Fecha de Publicaci\u00f3n:<\/strong><\/b> abril <span data-sheets-root=\"1\">de 2025<\/span><\/p>","protected":false},"excerpt":{"rendered":"<p>Sinopsis: Todo un hito del cine contempor\u00e1neo, Tibur\u00f3n convulsion\u00f3 a los espectadores del mundo entero y consagr\u00f3 definitivamente a Steven Spielberg como uno de los directores m\u00e1s aclamados de su \u00e9poca, iniciando una corriente de films de terror subacu\u00e1tico que pervive hasta nuestros d\u00edas. Nada volvi\u00f3 a ser igual despu\u00e9s de este cl\u00e1sico. ISBN: 9788410247291 [&hellip;]<\/p>","protected":false},"featured_media":1472,"template":"","meta":{"site-sidebar-layout":"default","site-content-layout":"","ast-site-content-layout":"default","site-content-style":"default","site-sidebar-style":"default","ast-global-header-display":"","ast-banner-title-visibility":"","ast-main-header-display":"","ast-hfb-above-header-display":"","ast-hfb-below-header-display":"","ast-hfb-mobile-header-display":"","site-post-title":"","ast-breadcrumbs-content":"","ast-featured-img":"","footer-sml-layout":"","theme-transparent-header-meta":"default","adv-header-id-meta":"","stick-header-meta":"","header-above-stick-meta":"","header-main-stick-meta":"","header-below-stick-meta":"","astra-migrate-meta-layouts":"set","ast-page-background-enabled":"default","ast-page-background-meta":{"desktop":{"background-color":"","background-image":"","background-repeat":"repeat","background-position":"center center","background-size":"auto","background-attachment":"scroll","background-type":"","background-media":"","overlay-type":"","overlay-color":"","overlay-opacity":"","overlay-gradient":""},"tablet":{"background-color":"","background-image":"","background-repeat":"repeat","background-position":"center center","background-size":"auto","background-attachment":"scroll","background-type":"","background-media":"","overlay-type":"","overlay-color":"","overlay-opacity":"","overlay-gradient":""},"mobile":{"background-color":"","background-image":"","background-repeat":"repeat","background-position":"center center","background-size":"auto","background-attachment":"scroll","background-type":"","background-media":"","overlay-type":"","overlay-color":"","overlay-opacity":"","overlay-gradient":""}},"ast-content-background-meta":{"desktop":{"background-color":"var(--ast-global-color-5)","background-image":"","background-repeat":"repeat","background-position":"center center","background-size":"auto","background-attachment":"scroll","background-type":"","background-media":"","overlay-type":"","overlay-color":"","overlay-opacity":"","overlay-gradient":""},"tablet":{"background-color":"var(--ast-global-color-5)","background-image":"","background-repeat":"repeat","background-position":"center center","background-size":"auto","background-attachment":"scroll","background-type":"","background-media":"","overlay-type":"","overlay-color":"","overlay-opacity":"","overlay-gradient":""},"mobile":{"background-color":"var(--ast-global-color-5)","background-image":"","background-repeat":"repeat","background-position":"center center","background-size":"auto","background-attachment":"scroll","background-type":"","background-media":"","overlay-type":"","overlay-color":"","overlay-opacity":"","overlay-gradient":""}}},"product_brand":[],"product_cat":[60,205,35,202,59,207,208,209,206,98],"product_tag":[],"class_list":{"0":"post-1366","1":"product","2":"type-product","3":"status-publish","4":"has-post-thumbnail","6":"product_cat-autor","7":"product_cat-cine","8":"product_cat-editorial","9":"product_cat-ensayo-referencia","10":"product_cat-genero","11":"product_cat-j-m-corral","12":"product_cat-j-a-pedrero","13":"product_cat-notorious-ediciones","14":"product_cat-q-casas","15":"product_cat-referencia","16":"desktop-align-left","17":"tablet-align-left","18":"mobile-align-left","20":"first","21":"instock","22":"shipping-taxable","23":"purchasable","24":"product-type-simple"},"_links":{"self":[{"href":"https:\/\/lalibreripollet.es\/ca\/wp-json\/wp\/v2\/product\/1366","targetHints":{"allow":["GET"]}}],"collection":[{"href":"https:\/\/lalibreripollet.es\/ca\/wp-json\/wp\/v2\/product"}],"about":[{"href":"https:\/\/lalibreripollet.es\/ca\/wp-json\/wp\/v2\/types\/product"}],"wp:featuredmedia":[{"embeddable":true,"href":"https:\/\/lalibreripollet.es\/ca\/wp-json\/wp\/v2\/media\/1472"}],"wp:attachment":[{"href":"https:\/\/lalibreripollet.es\/ca\/wp-json\/wp\/v2\/media?parent=1366"}],"wp:term":[{"taxonomy":"product_brand","embeddable":true,"href":"https:\/\/lalibreripollet.es\/ca\/wp-json\/wp\/v2\/product_brand?post=1366"},{"taxonomy":"product_cat","embeddable":true,"href":"https:\/\/lalibreripollet.es\/ca\/wp-json\/wp\/v2\/product_cat?post=1366"},{"taxonomy":"product_tag","embeddable":true,"href":"https:\/\/lalibreripollet.es\/ca\/wp-json\/wp\/v2\/product_tag?post=1366"}],"curies":[{"name":"wp","href":"https:\/\/api.w.org\/{rel}","templated":true}]}}