
{"id":1347,"date":"2025-05-28T08:02:32","date_gmt":"2025-05-28T08:02:32","guid":{"rendered":"https:\/\/lalibreripollet.es\/?post_type=product&#038;p=1347"},"modified":"2025-06-02T07:23:01","modified_gmt":"2025-06-02T07:23:01","slug":"la-balada-de-holt","status":"publish","type":"product","link":"https:\/\/lalibreripollet.es\/ca\/producte\/la-balada-de-holt\/","title":{"rendered":"La balada de Holt"},"content":{"rendered":"<p><b><strong>Sinopsis:<\/strong><\/b> <span data-sheets-root=\"1\">Despr\u00e9s de vuit anys, en Jack Burdette torna a Holt. Per\u00f2 la seva aparici\u00f3 no \u00e9s ben rebuda i reobre ferides que per a molts ja estaven tancades. Mentre uns es pregunten com ha tingut la poca vergonya de tornar despr\u00e8s del que ha fet, d&#8217;altres comencen a clamar venjan\u00e7a.<\/span><b><br \/>\n<strong>ISBN:<\/strong><\/b> <span data-sheets-root=\"1\">9788419332875<\/span><b><br \/>\n<strong>Fecha de Publicaci\u00f3n:<\/strong><\/b> febrero de 2025<\/p>","protected":false},"excerpt":{"rendered":"<p><b><strong>Sinopsis:<\/strong><\/b> <span data-sheets-root=\"1\">Despr\u00e9s de vuit anys, en Jack Burdette torna a Holt. Per\u00f2 la seva aparici\u00f3 no \u00e9s ben rebuda i reobre ferides que per a molts ja estaven tancades. Mentre uns es pregunten com ha tingut la poca vergonya de tornar despr\u00e8s del que ha fet, d&#8217;altres comencen a clamar venjan\u00e7a.<\/span><b><br \/>\n<strong>ISBN:<\/strong><\/b> <span data-sheets-root=\"1\">9788419332875<\/span><b><br \/>\n<strong>Fecha de Publicaci\u00f3n:<\/strong><\/b> febrero de 2025<\/p>","protected":false},"featured_media":1451,"template":"","meta":{"site-sidebar-layout":"default","site-content-layout":"","ast-site-content-layout":"default","site-content-style":"default","site-sidebar-style":"default","ast-global-header-display":"","ast-banner-title-visibility":"","ast-main-header-display":"","ast-hfb-above-header-display":"","ast-hfb-below-header-display":"","ast-hfb-mobile-header-display":"","site-post-title":"","ast-breadcrumbs-content":"","ast-featured-img":"","footer-sml-layout":"","theme-transparent-header-meta":"default","adv-header-id-meta":"","stick-header-meta":"","header-above-stick-meta":"","header-main-stick-meta":"","header-below-stick-meta":"","astra-migrate-meta-layouts":"set","ast-page-background-enabled":"default","ast-page-background-meta":{"desktop":{"background-color":"","background-image":"","background-repeat":"repeat","background-position":"center center","background-size":"auto","background-attachment":"scroll","background-type":"","background-media":"","overlay-type":"","overlay-color":"","overlay-opacity":"","overlay-gradient":""},"tablet":{"background-color":"","background-image":"","background-repeat":"repeat","background-position":"center center","background-size":"auto","background-attachment":"scroll","background-type":"","background-media":"","overlay-type":"","overlay-color":"","overlay-opacity":"","overlay-gradient":""},"mobile":{"background-color":"","background-image":"","background-repeat":"repeat","background-position":"center center","background-size":"auto","background-attachment":"scroll","background-type":"","background-media":"","overlay-type":"","overlay-color":"","overlay-opacity":"","overlay-gradient":""}},"ast-content-background-meta":{"desktop":{"background-color":"var(--ast-global-color-5)","background-image":"","background-repeat":"repeat","background-position":"center center","background-size":"auto","background-attachment":"scroll","background-type":"","background-media":"","overlay-type":"","overlay-color":"","overlay-opacity":"","overlay-gradient":""},"tablet":{"background-color":"var(--ast-global-color-5)","background-image":"","background-repeat":"repeat","background-position":"center center","background-size":"auto","background-attachment":"scroll","background-type":"","background-media":"","overlay-type":"","overlay-color":"","overlay-opacity":"","overlay-gradient":""},"mobile":{"background-color":"var(--ast-global-color-5)","background-image":"","background-repeat":"repeat","background-position":"center center","background-size":"auto","background-attachment":"scroll","background-type":"","background-media":"","overlay-type":"","overlay-color":"","overlay-opacity":"","overlay-gradient":""}}},"product_brand":[],"product_cat":[60,35,109,59,172,116,150,98],"product_tag":[],"class_list":{"0":"post-1347","1":"product","2":"type-product","3":"status-publish","4":"has-post-thumbnail","6":"product_cat-autor","7":"product_cat-editorial","8":"product_cat-ficcion","9":"product_cat-genero","10":"product_cat-kent-haruf","11":"product_cat-narrativa-extranjera","12":"product_cat-periscopi","13":"product_cat-referencia","14":"desktop-align-left","15":"tablet-align-left","16":"mobile-align-left","18":"first","19":"instock","20":"shipping-taxable","21":"purchasable","22":"product-type-simple"},"_links":{"self":[{"href":"https:\/\/lalibreripollet.es\/ca\/wp-json\/wp\/v2\/product\/1347","targetHints":{"allow":["GET"]}}],"collection":[{"href":"https:\/\/lalibreripollet.es\/ca\/wp-json\/wp\/v2\/product"}],"about":[{"href":"https:\/\/lalibreripollet.es\/ca\/wp-json\/wp\/v2\/types\/product"}],"wp:featuredmedia":[{"embeddable":true,"href":"https:\/\/lalibreripollet.es\/ca\/wp-json\/wp\/v2\/media\/1451"}],"wp:attachment":[{"href":"https:\/\/lalibreripollet.es\/ca\/wp-json\/wp\/v2\/media?parent=1347"}],"wp:term":[{"taxonomy":"product_brand","embeddable":true,"href":"https:\/\/lalibreripollet.es\/ca\/wp-json\/wp\/v2\/product_brand?post=1347"},{"taxonomy":"product_cat","embeddable":true,"href":"https:\/\/lalibreripollet.es\/ca\/wp-json\/wp\/v2\/product_cat?post=1347"},{"taxonomy":"product_tag","embeddable":true,"href":"https:\/\/lalibreripollet.es\/ca\/wp-json\/wp\/v2\/product_tag?post=1347"}],"curies":[{"name":"wp","href":"https:\/\/api.w.org\/{rel}","templated":true}]}}