
{"id":1344,"date":"2025-05-28T07:53:59","date_gmt":"2025-05-28T07:53:59","guid":{"rendered":"https:\/\/lalibreripollet.es\/?post_type=product&#038;p=1344"},"modified":"2025-06-02T07:19:21","modified_gmt":"2025-06-02T07:19:21","slug":"que-morin-els-fills-dels-altres","status":"publish","type":"product","link":"https:\/\/lalibreripollet.es\/ca\/producte\/que-morin-els-fills-dels-altres\/","title":{"rendered":"Que morin els fills dels altres"},"content":{"rendered":"<p><b><strong>Sinopsis:<\/strong><\/b> <span data-sheets-root=\"1\">Cabr\u00e9-Verdiell continua descapdellant l&#8217;instituci\u00f3 familiar, el desig i els l\u00edmits del sentit com\u00fa amb una prosa magn\u00e8tica, entre el conjur i la invocaci\u00f3.<\/span><b><br \/>\n<strong>ISBN:<\/strong><\/b> <span data-sheets-root=\"1\">9788412910988<\/span><b><br \/>\n<strong>Fecha de Publicaci\u00f3n:<\/strong><\/b> marzo de 2025<\/p>","protected":false},"excerpt":{"rendered":"<p><b><strong>Sinopsis:<\/strong><\/b> <span data-sheets-root=\"1\">Cabr\u00e9-Verdiell continua descapdellant l&#8217;instituci\u00f3 familiar, el desig i els l\u00edmits del sentit com\u00fa amb una prosa magn\u00e8tica, entre el conjur i la invocaci\u00f3.<\/span><b><br \/>\n<strong>ISBN:<\/strong><\/b> <span data-sheets-root=\"1\">9788412910988<\/span><b><br \/>\n<strong>Fecha de Publicaci\u00f3n:<\/strong><\/b> marzo de 2025<\/p>","protected":false},"featured_media":1448,"template":"","meta":{"site-sidebar-layout":"default","site-content-layout":"","ast-site-content-layout":"default","site-content-style":"default","site-sidebar-style":"default","ast-global-header-display":"","ast-banner-title-visibility":"","ast-main-header-display":"","ast-hfb-above-header-display":"","ast-hfb-below-header-display":"","ast-hfb-mobile-header-display":"","site-post-title":"","ast-breadcrumbs-content":"","ast-featured-img":"","footer-sml-layout":"","theme-transparent-header-meta":"default","adv-header-id-meta":"","stick-header-meta":"","header-above-stick-meta":"","header-main-stick-meta":"","header-below-stick-meta":"","astra-migrate-meta-layouts":"set","ast-page-background-enabled":"default","ast-page-background-meta":{"desktop":{"background-color":"","background-image":"","background-repeat":"repeat","background-position":"center center","background-size":"auto","background-attachment":"scroll","background-type":"","background-media":"","overlay-type":"","overlay-color":"","overlay-opacity":"","overlay-gradient":""},"tablet":{"background-color":"","background-image":"","background-repeat":"repeat","background-position":"center center","background-size":"auto","background-attachment":"scroll","background-type":"","background-media":"","overlay-type":"","overlay-color":"","overlay-opacity":"","overlay-gradient":""},"mobile":{"background-color":"","background-image":"","background-repeat":"repeat","background-position":"center center","background-size":"auto","background-attachment":"scroll","background-type":"","background-media":"","overlay-type":"","overlay-color":"","overlay-opacity":"","overlay-gradient":""}},"ast-content-background-meta":{"desktop":{"background-color":"var(--ast-global-color-5)","background-image":"","background-repeat":"repeat","background-position":"center center","background-size":"auto","background-attachment":"scroll","background-type":"","background-media":"","overlay-type":"","overlay-color":"","overlay-opacity":"","overlay-gradient":""},"tablet":{"background-color":"var(--ast-global-color-5)","background-image":"","background-repeat":"repeat","background-position":"center center","background-size":"auto","background-attachment":"scroll","background-type":"","background-media":"","overlay-type":"","overlay-color":"","overlay-opacity":"","overlay-gradient":""},"mobile":{"background-color":"var(--ast-global-color-5)","background-image":"","background-repeat":"repeat","background-position":"center center","background-size":"auto","background-attachment":"scroll","background-type":"","background-media":"","overlay-type":"","overlay-color":"","overlay-opacity":"","overlay-gradient":""}}},"product_brand":[],"product_cat":[60,35,109,59,168,148,98,167],"product_tag":[],"class_list":{"0":"post-1344","1":"product","2":"type-product","3":"status-publish","4":"has-post-thumbnail","6":"product_cat-autor","7":"product_cat-editorial","8":"product_cat-ficcion","9":"product_cat-genero","10":"product_cat-males-herbes","11":"product_cat-narrativa-catalana","12":"product_cat-referencia","13":"product_cat-roser-cabre-verdiell","14":"desktop-align-left","15":"tablet-align-left","16":"mobile-align-left","18":"first","19":"instock","20":"shipping-taxable","21":"purchasable","22":"product-type-simple"},"_links":{"self":[{"href":"https:\/\/lalibreripollet.es\/ca\/wp-json\/wp\/v2\/product\/1344","targetHints":{"allow":["GET"]}}],"collection":[{"href":"https:\/\/lalibreripollet.es\/ca\/wp-json\/wp\/v2\/product"}],"about":[{"href":"https:\/\/lalibreripollet.es\/ca\/wp-json\/wp\/v2\/types\/product"}],"wp:featuredmedia":[{"embeddable":true,"href":"https:\/\/lalibreripollet.es\/ca\/wp-json\/wp\/v2\/media\/1448"}],"wp:attachment":[{"href":"https:\/\/lalibreripollet.es\/ca\/wp-json\/wp\/v2\/media?parent=1344"}],"wp:term":[{"taxonomy":"product_brand","embeddable":true,"href":"https:\/\/lalibreripollet.es\/ca\/wp-json\/wp\/v2\/product_brand?post=1344"},{"taxonomy":"product_cat","embeddable":true,"href":"https:\/\/lalibreripollet.es\/ca\/wp-json\/wp\/v2\/product_cat?post=1344"},{"taxonomy":"product_tag","embeddable":true,"href":"https:\/\/lalibreripollet.es\/ca\/wp-json\/wp\/v2\/product_tag?post=1344"}],"curies":[{"name":"wp","href":"https:\/\/api.w.org\/{rel}","templated":true}]}}