
{"id":1335,"date":"2025-05-28T07:25:06","date_gmt":"2025-05-28T07:25:06","guid":{"rendered":"https:\/\/lalibreripollet.es\/?post_type=product&#038;p=1335"},"modified":"2025-05-30T10:41:28","modified_gmt":"2025-05-30T10:41:28","slug":"ledat-fragil","status":"publish","type":"product","link":"https:\/\/lalibreripollet.es\/ca\/producte\/ledat-fragil\/","title":{"rendered":"L&#8217;edat fr\u00e0gil"},"content":{"rendered":"<p><b><strong>Sinopsis:<\/strong><\/b> Hi ha un moment espec\u00edfic: el de capbussar-nos per primera vegada en el m\u00f3n, exposats i nus, en el qual el m\u00f3n no hauria de ferir-nos. Per aix\u00f3 la Lucia, que una nit de fa trenta anys es va salvar per casualitat, observa ara, aterrida, el silenci de la seva filla. Guanyadora del premi Strega.<b><br \/>\n<strong>ISBN:<\/strong><\/b> 9788429782591<b><br \/>\n<strong>Fecha de Publicaci\u00f3n:<\/strong><\/b> mayo de 2025<\/p>","protected":false},"excerpt":{"rendered":"<p><b><strong>Sinopsis:<\/strong><\/b> Hi ha un moment espec\u00edfic: el de capbussar-nos per primera vegada en el m\u00f3n, exposats i nus, en el qual el m\u00f3n no hauria de ferir-nos. Per aix\u00f3 la Lucia, que una nit de fa trenta anys es va salvar per casualitat, observa ara, aterrida, el silenci de la seva filla. Guanyadora del premi Strega.<b><br \/>\n<strong>ISBN:<\/strong><\/b> 9788429782591<b><br \/>\n<strong>Fecha de Publicaci\u00f3n:<\/strong><\/b> mayo de 2025<\/p>","protected":false},"featured_media":1439,"template":"","meta":{"site-sidebar-layout":"default","site-content-layout":"","ast-site-content-layout":"default","site-content-style":"default","site-sidebar-style":"default","ast-global-header-display":"","ast-banner-title-visibility":"","ast-main-header-display":"","ast-hfb-above-header-display":"","ast-hfb-below-header-display":"","ast-hfb-mobile-header-display":"","site-post-title":"","ast-breadcrumbs-content":"","ast-featured-img":"","footer-sml-layout":"","theme-transparent-header-meta":"default","adv-header-id-meta":"","stick-header-meta":"","header-above-stick-meta":"","header-main-stick-meta":"","header-below-stick-meta":"","astra-migrate-meta-layouts":"set","ast-page-background-enabled":"default","ast-page-background-meta":{"desktop":{"background-color":"","background-image":"","background-repeat":"repeat","background-position":"center center","background-size":"auto","background-attachment":"scroll","background-type":"","background-media":"","overlay-type":"","overlay-color":"","overlay-opacity":"","overlay-gradient":""},"tablet":{"background-color":"","background-image":"","background-repeat":"repeat","background-position":"center center","background-size":"auto","background-attachment":"scroll","background-type":"","background-media":"","overlay-type":"","overlay-color":"","overlay-opacity":"","overlay-gradient":""},"mobile":{"background-color":"","background-image":"","background-repeat":"repeat","background-position":"center center","background-size":"auto","background-attachment":"scroll","background-type":"","background-media":"","overlay-type":"","overlay-color":"","overlay-opacity":"","overlay-gradient":""}},"ast-content-background-meta":{"desktop":{"background-color":"var(--ast-global-color-5)","background-image":"","background-repeat":"repeat","background-position":"center center","background-size":"auto","background-attachment":"scroll","background-type":"","background-media":"","overlay-type":"","overlay-color":"","overlay-opacity":"","overlay-gradient":""},"tablet":{"background-color":"var(--ast-global-color-5)","background-image":"","background-repeat":"repeat","background-position":"center center","background-size":"auto","background-attachment":"scroll","background-type":"","background-media":"","overlay-type":"","overlay-color":"","overlay-opacity":"","overlay-gradient":""},"mobile":{"background-color":"var(--ast-global-color-5)","background-image":"","background-repeat":"repeat","background-position":"center center","background-size":"auto","background-attachment":"scroll","background-type":"","background-media":"","overlay-type":"","overlay-color":"","overlay-opacity":"","overlay-gradient":""}}},"product_brand":[],"product_cat":[60,140,151,35,109,59,116,98],"product_tag":[],"class_list":{"0":"post-1335","1":"product","2":"type-product","3":"status-publish","4":"has-post-thumbnail","6":"product_cat-autor","7":"product_cat-donatella-di-pietrantonio","8":"product_cat-edicions-62","9":"product_cat-editorial","10":"product_cat-ficcion","11":"product_cat-genero","12":"product_cat-narrativa-extranjera","13":"product_cat-referencia","14":"desktop-align-left","15":"tablet-align-left","16":"mobile-align-left","18":"first","19":"instock","20":"shipping-taxable","21":"purchasable","22":"product-type-simple"},"_links":{"self":[{"href":"https:\/\/lalibreripollet.es\/ca\/wp-json\/wp\/v2\/product\/1335","targetHints":{"allow":["GET"]}}],"collection":[{"href":"https:\/\/lalibreripollet.es\/ca\/wp-json\/wp\/v2\/product"}],"about":[{"href":"https:\/\/lalibreripollet.es\/ca\/wp-json\/wp\/v2\/types\/product"}],"wp:featuredmedia":[{"embeddable":true,"href":"https:\/\/lalibreripollet.es\/ca\/wp-json\/wp\/v2\/media\/1439"}],"wp:attachment":[{"href":"https:\/\/lalibreripollet.es\/ca\/wp-json\/wp\/v2\/media?parent=1335"}],"wp:term":[{"taxonomy":"product_brand","embeddable":true,"href":"https:\/\/lalibreripollet.es\/ca\/wp-json\/wp\/v2\/product_brand?post=1335"},{"taxonomy":"product_cat","embeddable":true,"href":"https:\/\/lalibreripollet.es\/ca\/wp-json\/wp\/v2\/product_cat?post=1335"},{"taxonomy":"product_tag","embeddable":true,"href":"https:\/\/lalibreripollet.es\/ca\/wp-json\/wp\/v2\/product_tag?post=1335"}],"curies":[{"name":"wp","href":"https:\/\/api.w.org\/{rel}","templated":true}]}}