
{"id":1334,"date":"2025-05-27T09:51:45","date_gmt":"2025-05-27T09:51:45","guid":{"rendered":"https:\/\/lalibreripollet.es\/?post_type=product&#038;p=1334"},"modified":"2025-05-30T10:40:17","modified_gmt":"2025-05-30T10:40:17","slug":"cavall-atleta-ocell","status":"publish","type":"product","link":"https:\/\/lalibreripollet.es\/ca\/producte\/cavall-atleta-ocell\/","title":{"rendered":"Cavall, atleta, ocell"},"content":{"rendered":"<p><b><strong>Sinopsis:<\/strong><\/b> Alapont, fuster humil i perfeccionista, observa amb preocupaci\u00f3 la deriva del seu fill, Aristides, que tot just ha entrat a l&#8217;adolesc\u00e8ncia i ha estat conquerit per l&#8217;apatia. Tot el que \u00e9s capa\u00e7 de fer un pare per all\u00f2 que m\u00e9s estima en una novel.la l\u00facida i intimista.<b><br \/>\n<strong>ISBN:<\/strong><\/b> 9788419332691<b><br \/>\n<strong>Fecha de Publicaci\u00f3n:<\/strong><\/b> septiembre de 2024<\/p>","protected":false},"excerpt":{"rendered":"<p><b><strong>Sinopsis:<\/strong><\/b> Alapont, fuster humil i perfeccionista, observa amb preocupaci\u00f3 la deriva del seu fill, Aristides, que tot just ha entrat a l&#8217;adolesc\u00e8ncia i ha estat conquerit per l&#8217;apatia. Tot el que \u00e9s capa\u00e7 de fer un pare per all\u00f2 que m\u00e9s estima en una novel.la l\u00facida i intimista.<b><br \/>\n<strong>ISBN:<\/strong><\/b> 9788419332691<b><br \/>\n<strong>Fecha de Publicaci\u00f3n:<\/strong><\/b> septiembre de 2024<\/p>","protected":false},"featured_media":1438,"template":"","meta":{"site-sidebar-layout":"default","site-content-layout":"","ast-site-content-layout":"default","site-content-style":"default","site-sidebar-style":"default","ast-global-header-display":"","ast-banner-title-visibility":"","ast-main-header-display":"","ast-hfb-above-header-display":"","ast-hfb-below-header-display":"","ast-hfb-mobile-header-display":"","site-post-title":"","ast-breadcrumbs-content":"","ast-featured-img":"","footer-sml-layout":"","theme-transparent-header-meta":"default","adv-header-id-meta":"","stick-header-meta":"","header-above-stick-meta":"","header-main-stick-meta":"","header-below-stick-meta":"","astra-migrate-meta-layouts":"set","ast-page-background-enabled":"default","ast-page-background-meta":{"desktop":{"background-color":"","background-image":"","background-repeat":"repeat","background-position":"center center","background-size":"auto","background-attachment":"scroll","background-type":"","background-media":"","overlay-type":"","overlay-color":"","overlay-opacity":"","overlay-gradient":""},"tablet":{"background-color":"","background-image":"","background-repeat":"repeat","background-position":"center center","background-size":"auto","background-attachment":"scroll","background-type":"","background-media":"","overlay-type":"","overlay-color":"","overlay-opacity":"","overlay-gradient":""},"mobile":{"background-color":"","background-image":"","background-repeat":"repeat","background-position":"center center","background-size":"auto","background-attachment":"scroll","background-type":"","background-media":"","overlay-type":"","overlay-color":"","overlay-opacity":"","overlay-gradient":""}},"ast-content-background-meta":{"desktop":{"background-color":"var(--ast-global-color-5)","background-image":"","background-repeat":"repeat","background-position":"center center","background-size":"auto","background-attachment":"scroll","background-type":"","background-media":"","overlay-type":"","overlay-color":"","overlay-opacity":"","overlay-gradient":""},"tablet":{"background-color":"var(--ast-global-color-5)","background-image":"","background-repeat":"repeat","background-position":"center center","background-size":"auto","background-attachment":"scroll","background-type":"","background-media":"","overlay-type":"","overlay-color":"","overlay-opacity":"","overlay-gradient":""},"mobile":{"background-color":"var(--ast-global-color-5)","background-image":"","background-repeat":"repeat","background-position":"center center","background-size":"auto","background-attachment":"scroll","background-type":"","background-media":"","overlay-type":"","overlay-color":"","overlay-opacity":"","overlay-gradient":""}}},"product_brand":[],"product_cat":[60,35,109,149,148,150,98],"product_tag":[],"class_list":{"0":"post-1334","1":"product","2":"type-product","3":"status-publish","4":"has-post-thumbnail","6":"product_cat-autor","7":"product_cat-editorial","8":"product_cat-ficcion","9":"product_cat-manuel-baixauli","10":"product_cat-narrativa-catalana","11":"product_cat-periscopi","12":"product_cat-referencia","13":"desktop-align-left","14":"tablet-align-left","15":"mobile-align-left","17":"first","18":"instock","19":"shipping-taxable","20":"purchasable","21":"product-type-simple"},"_links":{"self":[{"href":"https:\/\/lalibreripollet.es\/ca\/wp-json\/wp\/v2\/product\/1334","targetHints":{"allow":["GET"]}}],"collection":[{"href":"https:\/\/lalibreripollet.es\/ca\/wp-json\/wp\/v2\/product"}],"about":[{"href":"https:\/\/lalibreripollet.es\/ca\/wp-json\/wp\/v2\/types\/product"}],"wp:featuredmedia":[{"embeddable":true,"href":"https:\/\/lalibreripollet.es\/ca\/wp-json\/wp\/v2\/media\/1438"}],"wp:attachment":[{"href":"https:\/\/lalibreripollet.es\/ca\/wp-json\/wp\/v2\/media?parent=1334"}],"wp:term":[{"taxonomy":"product_brand","embeddable":true,"href":"https:\/\/lalibreripollet.es\/ca\/wp-json\/wp\/v2\/product_brand?post=1334"},{"taxonomy":"product_cat","embeddable":true,"href":"https:\/\/lalibreripollet.es\/ca\/wp-json\/wp\/v2\/product_cat?post=1334"},{"taxonomy":"product_tag","embeddable":true,"href":"https:\/\/lalibreripollet.es\/ca\/wp-json\/wp\/v2\/product_tag?post=1334"}],"curies":[{"name":"wp","href":"https:\/\/api.w.org\/{rel}","templated":true}]}}