
{"id":1333,"date":"2025-05-27T09:00:58","date_gmt":"2025-05-27T09:00:58","guid":{"rendered":"https:\/\/lalibreripollet.es\/?post_type=product&#038;p=1333"},"modified":"2025-05-30T10:39:09","modified_gmt":"2025-05-30T10:39:09","slug":"en-el-centro-de-la-tierra","status":"publish","type":"product","link":"https:\/\/lalibreripollet.es\/ca\/producte\/en-el-centro-de-la-tierra\/","title":{"rendered":"En el centro de la Tierra"},"content":{"rendered":"<p><b><strong>Sinopsis:<\/strong><\/b> Una Tierra hueca poblada de toda clase de monstruos prehist\u00f3ricos. A este fabuloso mundo interior de Pel\u00facidar llegan por puro accidente David Innes y el profesor Abner Perry. Una vez all\u00ed, no podr\u00e1n creer lo que ven sus ojos. Puro pulp sin complejos.<b><br \/>\n<strong>ISBN:<\/strong><\/b> 9788494505805<b><br \/>\n<strong>Fecha de Publicaci\u00f3n:<\/strong><\/b> junio de 2017<\/p>","protected":false},"excerpt":{"rendered":"<p><b><strong>Sinopsis:<\/strong><\/b> Una Tierra hueca poblada de toda clase de monstruos prehist\u00f3ricos. A este fabuloso mundo interior de Pel\u00facidar llegan por puro accidente David Innes y el profesor Abner Perry. Una vez all\u00ed, no podr\u00e1n creer lo que ven sus ojos. Puro pulp sin complejos.<b><br \/>\n<strong>ISBN:<\/strong><\/b> 9788494505805<b><br \/>\n<strong>Fecha de Publicaci\u00f3n:<\/strong><\/b> junio de 2017<\/p>","protected":false},"featured_media":1437,"template":"","meta":{"site-sidebar-layout":"default","site-content-layout":"","ast-site-content-layout":"default","site-content-style":"default","site-sidebar-style":"default","ast-global-header-display":"","ast-banner-title-visibility":"","ast-main-header-display":"","ast-hfb-above-header-display":"","ast-hfb-below-header-display":"","ast-hfb-mobile-header-display":"","site-post-title":"","ast-breadcrumbs-content":"","ast-featured-img":"","footer-sml-layout":"","theme-transparent-header-meta":"default","adv-header-id-meta":"","stick-header-meta":"","header-above-stick-meta":"","header-main-stick-meta":"","header-below-stick-meta":"","astra-migrate-meta-layouts":"set","ast-page-background-enabled":"default","ast-page-background-meta":{"desktop":{"background-color":"","background-image":"","background-repeat":"repeat","background-position":"center center","background-size":"auto","background-attachment":"scroll","background-type":"","background-media":"","overlay-type":"","overlay-color":"","overlay-opacity":"","overlay-gradient":""},"tablet":{"background-color":"","background-image":"","background-repeat":"repeat","background-position":"center center","background-size":"auto","background-attachment":"scroll","background-type":"","background-media":"","overlay-type":"","overlay-color":"","overlay-opacity":"","overlay-gradient":""},"mobile":{"background-color":"","background-image":"","background-repeat":"repeat","background-position":"center center","background-size":"auto","background-attachment":"scroll","background-type":"","background-media":"","overlay-type":"","overlay-color":"","overlay-opacity":"","overlay-gradient":""}},"ast-content-background-meta":{"desktop":{"background-color":"var(--ast-global-color-5)","background-image":"","background-repeat":"repeat","background-position":"center center","background-size":"auto","background-attachment":"scroll","background-type":"","background-media":"","overlay-type":"","overlay-color":"","overlay-opacity":"","overlay-gradient":""},"tablet":{"background-color":"var(--ast-global-color-5)","background-image":"","background-repeat":"repeat","background-position":"center center","background-size":"auto","background-attachment":"scroll","background-type":"","background-media":"","overlay-type":"","overlay-color":"","overlay-opacity":"","overlay-gradient":""},"mobile":{"background-color":"var(--ast-global-color-5)","background-image":"","background-repeat":"repeat","background-position":"center center","background-size":"auto","background-attachment":"scroll","background-type":"","background-media":"","overlay-type":"","overlay-color":"","overlay-opacity":"","overlay-gradient":""}}},"product_brand":[],"product_cat":[60,147,146,35,119,59,116,98,120],"product_tag":[],"class_list":{"0":"post-1333","1":"product","2":"type-product","3":"status-publish","4":"has-post-thumbnail","6":"product_cat-autor","7":"product_cat-costas-de-carcosa","8":"product_cat-edgar-rice-burroughs","9":"product_cat-editorial","10":"product_cat-fantasia","11":"product_cat-genero","12":"product_cat-narrativa-extranjera","13":"product_cat-referencia","14":"product_cat-terror","15":"desktop-align-left","16":"tablet-align-left","17":"mobile-align-left","19":"first","20":"instock","21":"shipping-taxable","22":"purchasable","23":"product-type-simple"},"_links":{"self":[{"href":"https:\/\/lalibreripollet.es\/ca\/wp-json\/wp\/v2\/product\/1333","targetHints":{"allow":["GET"]}}],"collection":[{"href":"https:\/\/lalibreripollet.es\/ca\/wp-json\/wp\/v2\/product"}],"about":[{"href":"https:\/\/lalibreripollet.es\/ca\/wp-json\/wp\/v2\/types\/product"}],"wp:featuredmedia":[{"embeddable":true,"href":"https:\/\/lalibreripollet.es\/ca\/wp-json\/wp\/v2\/media\/1437"}],"wp:attachment":[{"href":"https:\/\/lalibreripollet.es\/ca\/wp-json\/wp\/v2\/media?parent=1333"}],"wp:term":[{"taxonomy":"product_brand","embeddable":true,"href":"https:\/\/lalibreripollet.es\/ca\/wp-json\/wp\/v2\/product_brand?post=1333"},{"taxonomy":"product_cat","embeddable":true,"href":"https:\/\/lalibreripollet.es\/ca\/wp-json\/wp\/v2\/product_cat?post=1333"},{"taxonomy":"product_tag","embeddable":true,"href":"https:\/\/lalibreripollet.es\/ca\/wp-json\/wp\/v2\/product_tag?post=1333"}],"curies":[{"name":"wp","href":"https:\/\/api.w.org\/{rel}","templated":true}]}}