
{"id":1316,"date":"2025-05-27T08:15:35","date_gmt":"2025-05-27T08:15:35","guid":{"rendered":"https:\/\/lalibreripollet.es\/?post_type=product&#038;p=1316"},"modified":"2025-05-30T07:53:53","modified_gmt":"2025-05-30T07:53:53","slug":"el-ceremonial","status":"publish","type":"product","link":"https:\/\/lalibreripollet.es\/ca\/producte\/el-ceremonial\/","title":{"rendered":"El ceremonial"},"content":{"rendered":"<p><strong>Sinopsis:<\/strong> El origen del t\u00e9rmino Folk Horror proviene del mundo del cine, pero su uso se ha extendido a la literatura. Personajes o comunidades aisladas en un entorno rural, a menudo creyentes en supersticiones ancestrales. Bosques brumosos e impenetrables. Antolog\u00eda de relatos perge\u00f1ados por los maestros del g\u00e9nero.<br \/>\n<strong>ISBN:<\/strong> 9788477029694<br \/>\n<strong>Fecha de Publicaci\u00f3n:<\/strong> mayo de 2025<\/p>","protected":false},"excerpt":{"rendered":"<p><strong>Sinopsis:<\/strong> El origen del t\u00e9rmino Folk Horror proviene del mundo del cine, pero su uso se ha extendido a la literatura. Personajes o comunidades aisladas en un entorno rural, a menudo creyentes en supersticiones ancestrales. Bosques brumosos e impenetrables. Antolog\u00eda de relatos perge\u00f1ados por los maestros del g\u00e9nero.<br \/>\n<strong>ISBN:<\/strong> 9788477029694<br \/>\n<strong>Fecha de Publicaci\u00f3n:<\/strong> mayo de 2025<\/p>","protected":false},"featured_media":1421,"template":"","meta":{"site-sidebar-layout":"default","site-content-layout":"","ast-site-content-layout":"default","site-content-style":"default","site-sidebar-style":"default","ast-global-header-display":"","ast-banner-title-visibility":"","ast-main-header-display":"","ast-hfb-above-header-display":"","ast-hfb-below-header-display":"","ast-hfb-mobile-header-display":"","site-post-title":"","ast-breadcrumbs-content":"","ast-featured-img":"","footer-sml-layout":"","theme-transparent-header-meta":"default","adv-header-id-meta":"","stick-header-meta":"","header-above-stick-meta":"","header-main-stick-meta":"","header-below-stick-meta":"","astra-migrate-meta-layouts":"set","ast-page-background-enabled":"default","ast-page-background-meta":{"desktop":{"background-color":"","background-image":"","background-repeat":"repeat","background-position":"center center","background-size":"auto","background-attachment":"scroll","background-type":"","background-media":"","overlay-type":"","overlay-color":"","overlay-opacity":"","overlay-gradient":""},"tablet":{"background-color":"","background-image":"","background-repeat":"repeat","background-position":"center center","background-size":"auto","background-attachment":"scroll","background-type":"","background-media":"","overlay-type":"","overlay-color":"","overlay-opacity":"","overlay-gradient":""},"mobile":{"background-color":"","background-image":"","background-repeat":"repeat","background-position":"center center","background-size":"auto","background-attachment":"scroll","background-type":"","background-media":"","overlay-type":"","overlay-color":"","overlay-opacity":"","overlay-gradient":""}},"ast-content-background-meta":{"desktop":{"background-color":"var(--ast-global-color-5)","background-image":"","background-repeat":"repeat","background-position":"center center","background-size":"auto","background-attachment":"scroll","background-type":"","background-media":"","overlay-type":"","overlay-color":"","overlay-opacity":"","overlay-gradient":""},"tablet":{"background-color":"var(--ast-global-color-5)","background-image":"","background-repeat":"repeat","background-position":"center center","background-size":"auto","background-attachment":"scroll","background-type":"","background-media":"","overlay-type":"","overlay-color":"","overlay-opacity":"","overlay-gradient":""},"mobile":{"background-color":"var(--ast-global-color-5)","background-image":"","background-repeat":"repeat","background-position":"center center","background-size":"auto","background-attachment":"scroll","background-type":"","background-media":"","overlay-type":"","overlay-color":"","overlay-opacity":"","overlay-gradient":""}}},"product_brand":[],"product_cat":[60,35,119,116,98,120,122,121],"product_tag":[],"class_list":{"0":"post-1316","1":"product","2":"type-product","3":"status-publish","4":"has-post-thumbnail","6":"product_cat-autor","7":"product_cat-editorial","8":"product_cat-fantasia","9":"product_cat-narrativa-extranjera","10":"product_cat-referencia","11":"product_cat-terror","12":"product_cat-valdemar-club-diogenes","13":"product_cat-vv-aa","14":"desktop-align-left","15":"tablet-align-left","16":"mobile-align-left","18":"first","19":"instock","20":"shipping-taxable","21":"purchasable","22":"product-type-simple"},"_links":{"self":[{"href":"https:\/\/lalibreripollet.es\/ca\/wp-json\/wp\/v2\/product\/1316","targetHints":{"allow":["GET"]}}],"collection":[{"href":"https:\/\/lalibreripollet.es\/ca\/wp-json\/wp\/v2\/product"}],"about":[{"href":"https:\/\/lalibreripollet.es\/ca\/wp-json\/wp\/v2\/types\/product"}],"wp:featuredmedia":[{"embeddable":true,"href":"https:\/\/lalibreripollet.es\/ca\/wp-json\/wp\/v2\/media\/1421"}],"wp:attachment":[{"href":"https:\/\/lalibreripollet.es\/ca\/wp-json\/wp\/v2\/media?parent=1316"}],"wp:term":[{"taxonomy":"product_brand","embeddable":true,"href":"https:\/\/lalibreripollet.es\/ca\/wp-json\/wp\/v2\/product_brand?post=1316"},{"taxonomy":"product_cat","embeddable":true,"href":"https:\/\/lalibreripollet.es\/ca\/wp-json\/wp\/v2\/product_cat?post=1316"},{"taxonomy":"product_tag","embeddable":true,"href":"https:\/\/lalibreripollet.es\/ca\/wp-json\/wp\/v2\/product_tag?post=1316"}],"curies":[{"name":"wp","href":"https:\/\/api.w.org\/{rel}","templated":true}]}}