
{"id":1114,"date":"2025-03-19T10:52:41","date_gmt":"2025-03-19T10:52:41","guid":{"rendered":"https:\/\/lallibre.w3bcn.es\/?post_type=product&#038;p=1114"},"modified":"2025-03-19T10:53:53","modified_gmt":"2025-03-19T10:53:53","slug":"los-asesinatos-de-la-mansion-decagonal","status":"publish","type":"product","link":"https:\/\/lalibreripollet.es\/ca\/producte\/los-asesinatos-de-la-mansion-decagonal\/","title":{"rendered":"Los asesinatos de la mansi\u00f3n decagonal"},"content":{"rendered":"<p><strong>Sinopsis:<\/strong> En la isla de Tsunojima, un exc\u00e9ntrico arquitecto se hace construir una lujosa mansi\u00f3n. Un tiempo despu\u00e9s aparece brutalmente asesinado junto a su esposa y dos sirvientes. Medio a\u00f1o m\u00e1s tarde, un grupo de aficionados al misterio tratan de esclarer el enigma. Manga y \u00c1gatha Christie, \u00bfqu\u00e9 puede fallar?<br \/>\n<strong>ISBN:<\/strong> 9788419290090<br \/>\n<strong>Fecha de Publicaci\u00f3n:<\/strong> 1\/08\/2023<\/p>","protected":false},"excerpt":{"rendered":"<p><strong>Sinopsis:<\/strong> En la isla de Tsunojima, un exc\u00e9ntrico arquitecto se hace construir una lujosa mansi\u00f3n. Un tiempo despu\u00e9s aparece brutalmente asesinado junto a su esposa y dos sirvientes. Medio a\u00f1o m\u00e1s tarde, un grupo de aficionados al misterio tratan de esclarer el enigma. Manga y \u00c1gatha Christie, \u00bfqu\u00e9 puede fallar?<br \/>\n<strong>ISBN:<\/strong> 9788419290090<br \/>\n<strong>Fecha de Publicaci\u00f3n:<\/strong> 1\/08\/2023<\/p>","protected":false},"featured_media":1115,"template":"","meta":{"site-sidebar-layout":"default","site-content-layout":"","ast-site-content-layout":"default","site-content-style":"default","site-sidebar-style":"default","ast-global-header-display":"","ast-banner-title-visibility":"","ast-main-header-display":"","ast-hfb-above-header-display":"","ast-hfb-below-header-display":"","ast-hfb-mobile-header-display":"","site-post-title":"","ast-breadcrumbs-content":"","ast-featured-img":"","footer-sml-layout":"","theme-transparent-header-meta":"default","adv-header-id-meta":"","stick-header-meta":"","header-above-stick-meta":"","header-main-stick-meta":"","header-below-stick-meta":"","astra-migrate-meta-layouts":"set","ast-page-background-enabled":"default","ast-page-background-meta":{"desktop":{"background-color":"","background-image":"","background-repeat":"repeat","background-position":"center center","background-size":"auto","background-attachment":"scroll","background-type":"","background-media":"","overlay-type":"","overlay-color":"","overlay-opacity":"","overlay-gradient":""},"tablet":{"background-color":"","background-image":"","background-repeat":"repeat","background-position":"center center","background-size":"auto","background-attachment":"scroll","background-type":"","background-media":"","overlay-type":"","overlay-color":"","overlay-opacity":"","overlay-gradient":""},"mobile":{"background-color":"","background-image":"","background-repeat":"repeat","background-position":"center center","background-size":"auto","background-attachment":"scroll","background-type":"","background-media":"","overlay-type":"","overlay-color":"","overlay-opacity":"","overlay-gradient":""}},"ast-content-background-meta":{"desktop":{"background-color":"var(--ast-global-color-5)","background-image":"","background-repeat":"repeat","background-position":"center center","background-size":"auto","background-attachment":"scroll","background-type":"","background-media":"","overlay-type":"","overlay-color":"","overlay-opacity":"","overlay-gradient":""},"tablet":{"background-color":"var(--ast-global-color-5)","background-image":"","background-repeat":"repeat","background-position":"center center","background-size":"auto","background-attachment":"scroll","background-type":"","background-media":"","overlay-type":"","overlay-color":"","overlay-opacity":"","overlay-gradient":""},"mobile":{"background-color":"var(--ast-global-color-5)","background-image":"","background-repeat":"repeat","background-position":"center center","background-size":"auto","background-attachment":"scroll","background-type":"","background-media":"","overlay-type":"","overlay-color":"","overlay-opacity":"","overlay-gradient":""}}},"product_brand":[],"product_cat":[60,53,35,59,78,30],"product_tag":[],"class_list":{"0":"post-1114","1":"product","2":"type-product","3":"status-publish","4":"has-post-thumbnail","6":"product_cat-autor","7":"product_cat-distrito-manga","8":"product_cat-editorial","9":"product_cat-genero","10":"product_cat-hiro-kiyohara-yukito-ayatsui","11":"product_cat-manga","12":"desktop-align-left","13":"tablet-align-left","14":"mobile-align-left","16":"first","17":"instock","18":"shipping-taxable","19":"purchasable","20":"product-type-simple"},"_links":{"self":[{"href":"https:\/\/lalibreripollet.es\/ca\/wp-json\/wp\/v2\/product\/1114","targetHints":{"allow":["GET"]}}],"collection":[{"href":"https:\/\/lalibreripollet.es\/ca\/wp-json\/wp\/v2\/product"}],"about":[{"href":"https:\/\/lalibreripollet.es\/ca\/wp-json\/wp\/v2\/types\/product"}],"wp:featuredmedia":[{"embeddable":true,"href":"https:\/\/lalibreripollet.es\/ca\/wp-json\/wp\/v2\/media\/1115"}],"wp:attachment":[{"href":"https:\/\/lalibreripollet.es\/ca\/wp-json\/wp\/v2\/media?parent=1114"}],"wp:term":[{"taxonomy":"product_brand","embeddable":true,"href":"https:\/\/lalibreripollet.es\/ca\/wp-json\/wp\/v2\/product_brand?post=1114"},{"taxonomy":"product_cat","embeddable":true,"href":"https:\/\/lalibreripollet.es\/ca\/wp-json\/wp\/v2\/product_cat?post=1114"},{"taxonomy":"product_tag","embeddable":true,"href":"https:\/\/lalibreripollet.es\/ca\/wp-json\/wp\/v2\/product_tag?post=1114"}],"curies":[{"name":"wp","href":"https:\/\/api.w.org\/{rel}","templated":true}]}}