
{"id":1102,"date":"2025-03-19T10:32:52","date_gmt":"2025-03-19T10:32:52","guid":{"rendered":"https:\/\/lallibre.w3bcn.es\/?post_type=product&#038;p=1102"},"modified":"2025-03-19T10:41:35","modified_gmt":"2025-03-19T10:41:35","slug":"teoria-de-la-dictadura","status":"publish","type":"product","link":"https:\/\/lalibreripollet.es\/ca\/producte\/teoria-de-la-dictadura\/","title":{"rendered":"Teor\u00eda de la dictadura"},"content":{"rendered":"<p><strong>Sinopsis:<\/strong> \u00bfC\u00f3mo se podr\u00eda establecer hoy d\u00eda un nuevo tipo de dictadura? Destruyendo la libertad, empobreciendo el lenguaje, aboliendo la verdad, suprimiendo la historia, negando la naturaleza, propagando el odio, aspirando al imperio. \u00bfLes suena de algo?<br \/>\n<strong>ISBN:<\/strong> 9788412815931<br \/>\n<strong>Fecha de Publicaci\u00f3n:<\/strong> 1\/11\/2024<\/p>","protected":false},"excerpt":{"rendered":"<p><strong>Sinopsis:<\/strong> \u00bfC\u00f3mo se podr\u00eda establecer hoy d\u00eda un nuevo tipo de dictadura? Destruyendo la libertad, empobreciendo el lenguaje, aboliendo la verdad, suprimiendo la historia, negando la naturaleza, propagando el odio, aspirando al imperio. \u00bfLes suena de algo?<br \/>\n<strong>ISBN:<\/strong> 9788412815931<br \/>\n<strong>Fecha de Publicaci\u00f3n:<\/strong> 1\/11\/2024<\/p>","protected":false},"featured_media":1103,"template":"","meta":{"site-sidebar-layout":"default","site-content-layout":"","ast-site-content-layout":"default","site-content-style":"default","site-sidebar-style":"default","ast-global-header-display":"","ast-banner-title-visibility":"","ast-main-header-display":"","ast-hfb-above-header-display":"","ast-hfb-below-header-display":"","ast-hfb-mobile-header-display":"","site-post-title":"","ast-breadcrumbs-content":"","ast-featured-img":"","footer-sml-layout":"","theme-transparent-header-meta":"default","adv-header-id-meta":"","stick-header-meta":"","header-above-stick-meta":"","header-main-stick-meta":"","header-below-stick-meta":"","astra-migrate-meta-layouts":"set","ast-page-background-enabled":"default","ast-page-background-meta":{"desktop":{"background-color":"","background-image":"","background-repeat":"repeat","background-position":"center center","background-size":"auto","background-attachment":"scroll","background-type":"","background-media":"","overlay-type":"","overlay-color":"","overlay-opacity":"","overlay-gradient":""},"tablet":{"background-color":"","background-image":"","background-repeat":"repeat","background-position":"center center","background-size":"auto","background-attachment":"scroll","background-type":"","background-media":"","overlay-type":"","overlay-color":"","overlay-opacity":"","overlay-gradient":""},"mobile":{"background-color":"","background-image":"","background-repeat":"repeat","background-position":"center center","background-size":"auto","background-attachment":"scroll","background-type":"","background-media":"","overlay-type":"","overlay-color":"","overlay-opacity":"","overlay-gradient":""}},"ast-content-background-meta":{"desktop":{"background-color":"var(--ast-global-color-5)","background-image":"","background-repeat":"repeat","background-position":"center center","background-size":"auto","background-attachment":"scroll","background-type":"","background-media":"","overlay-type":"","overlay-color":"","overlay-opacity":"","overlay-gradient":""},"tablet":{"background-color":"var(--ast-global-color-5)","background-image":"","background-repeat":"repeat","background-position":"center center","background-size":"auto","background-attachment":"scroll","background-type":"","background-media":"","overlay-type":"","overlay-color":"","overlay-opacity":"","overlay-gradient":""},"mobile":{"background-color":"var(--ast-global-color-5)","background-image":"","background-repeat":"repeat","background-position":"center center","background-size":"auto","background-attachment":"scroll","background-type":"","background-media":"","overlay-type":"","overlay-color":"","overlay-opacity":"","overlay-gradient":""}}},"product_brand":[],"product_cat":[60,35,47,29,59,72],"product_tag":[],"class_list":{"0":"post-1102","1":"product","2":"type-product","3":"status-publish","4":"has-post-thumbnail","6":"product_cat-autor","7":"product_cat-editorial","8":"product_cat-el-gallo-de-oro","9":"product_cat-ensayo","10":"product_cat-genero","11":"product_cat-michel-onfray","12":"desktop-align-left","13":"tablet-align-left","14":"mobile-align-left","16":"first","17":"instock","18":"shipping-taxable","19":"purchasable","20":"product-type-simple"},"_links":{"self":[{"href":"https:\/\/lalibreripollet.es\/ca\/wp-json\/wp\/v2\/product\/1102","targetHints":{"allow":["GET"]}}],"collection":[{"href":"https:\/\/lalibreripollet.es\/ca\/wp-json\/wp\/v2\/product"}],"about":[{"href":"https:\/\/lalibreripollet.es\/ca\/wp-json\/wp\/v2\/types\/product"}],"wp:featuredmedia":[{"embeddable":true,"href":"https:\/\/lalibreripollet.es\/ca\/wp-json\/wp\/v2\/media\/1103"}],"wp:attachment":[{"href":"https:\/\/lalibreripollet.es\/ca\/wp-json\/wp\/v2\/media?parent=1102"}],"wp:term":[{"taxonomy":"product_brand","embeddable":true,"href":"https:\/\/lalibreripollet.es\/ca\/wp-json\/wp\/v2\/product_brand?post=1102"},{"taxonomy":"product_cat","embeddable":true,"href":"https:\/\/lalibreripollet.es\/ca\/wp-json\/wp\/v2\/product_cat?post=1102"},{"taxonomy":"product_tag","embeddable":true,"href":"https:\/\/lalibreripollet.es\/ca\/wp-json\/wp\/v2\/product_tag?post=1102"}],"curies":[{"name":"wp","href":"https:\/\/api.w.org\/{rel}","templated":true}]}}