
{"id":1098,"date":"2025-03-19T10:28:15","date_gmt":"2025-03-19T10:28:15","guid":{"rendered":"https:\/\/lallibre.w3bcn.es\/?post_type=product&#038;p=1098"},"modified":"2025-03-19T10:28:15","modified_gmt":"2025-03-19T10:28:15","slug":"la-recamara-del-infierno","status":"publish","type":"product","link":"https:\/\/lalibreripollet.es\/ca\/producte\/la-recamara-del-infierno\/","title":{"rendered":"La rec\u00e1mara del infierno"},"content":{"rendered":"<p><strong>Sinopsis:<\/strong> Alabama, 1897. La jubilaci\u00f3n del sheriff Billy Waite se complica cuando una serie de asesinatos, incendios, masacre de ganado y gente amenazada inundan su condado. Todo indica que los culpables son los mugrientos aparceros de Mitcham Beat. Espoleado por sus vecinos, a Waite no le va a quedar m\u00e1s remedio que volver a descolgar la Marlin 93, ensillar a su viejo alaz\u00e1n patizambo y tratar de poner fin a esa ola de terror. Una novela que puede parecere un western, pero que no lo es. Es m\u00e1s bien un rural noir, si es que tal cosa existe.<br \/>\n<strong>ISBN:<\/strong> 9788419288509<br \/>\n<strong>Fecha de Publicaci\u00f3n:<\/strong> 1\/11\/2024<\/p>","protected":false},"excerpt":{"rendered":"<p><strong>Sinopsis:<\/strong> Alabama, 1897. La jubilaci\u00f3n del sheriff Billy Waite se complica cuando una serie de asesinatos, incendios, masacre de ganado y gente amenazada inundan su condado. Todo indica que los culpables son los mugrientos aparceros de Mitcham Beat. Espoleado por sus vecinos, a Waite no le va a quedar m\u00e1s remedio que volver a descolgar la Marlin 93, ensillar a su viejo alaz\u00e1n patizambo y tratar de poner fin a esa ola de terror. Una novela que puede parecere un western, pero que no lo es. Es m\u00e1s bien un rural noir, si es que tal cosa existe.<br \/>\n<strong>ISBN:<\/strong> 9788419288509<br \/>\n<strong>Fecha de Publicaci\u00f3n:<\/strong> 1\/11\/2024<\/p>","protected":false},"featured_media":1099,"template":"","meta":{"site-sidebar-layout":"default","site-content-layout":"","ast-site-content-layout":"default","site-content-style":"default","site-sidebar-style":"default","ast-global-header-display":"","ast-banner-title-visibility":"","ast-main-header-display":"","ast-hfb-above-header-display":"","ast-hfb-below-header-display":"","ast-hfb-mobile-header-display":"","site-post-title":"","ast-breadcrumbs-content":"","ast-featured-img":"","footer-sml-layout":"","theme-transparent-header-meta":"default","adv-header-id-meta":"","stick-header-meta":"","header-above-stick-meta":"","header-main-stick-meta":"","header-below-stick-meta":"","astra-migrate-meta-layouts":"set","ast-page-background-enabled":"default","ast-page-background-meta":{"desktop":{"background-color":"","background-image":"","background-repeat":"repeat","background-position":"center center","background-size":"auto","background-attachment":"scroll","background-type":"","background-media":"","overlay-type":"","overlay-color":"","overlay-opacity":"","overlay-gradient":""},"tablet":{"background-color":"","background-image":"","background-repeat":"repeat","background-position":"center center","background-size":"auto","background-attachment":"scroll","background-type":"","background-media":"","overlay-type":"","overlay-color":"","overlay-opacity":"","overlay-gradient":""},"mobile":{"background-color":"","background-image":"","background-repeat":"repeat","background-position":"center center","background-size":"auto","background-attachment":"scroll","background-type":"","background-media":"","overlay-type":"","overlay-color":"","overlay-opacity":"","overlay-gradient":""}},"ast-content-background-meta":{"desktop":{"background-color":"var(--ast-global-color-5)","background-image":"","background-repeat":"repeat","background-position":"center center","background-size":"auto","background-attachment":"scroll","background-type":"","background-media":"","overlay-type":"","overlay-color":"","overlay-opacity":"","overlay-gradient":""},"tablet":{"background-color":"var(--ast-global-color-5)","background-image":"","background-repeat":"repeat","background-position":"center center","background-size":"auto","background-attachment":"scroll","background-type":"","background-media":"","overlay-type":"","overlay-color":"","overlay-opacity":"","overlay-gradient":""},"mobile":{"background-color":"var(--ast-global-color-5)","background-image":"","background-repeat":"repeat","background-position":"center center","background-size":"auto","background-attachment":"scroll","background-type":"","background-media":"","overlay-type":"","overlay-color":"","overlay-opacity":"","overlay-gradient":""}}},"product_brand":[],"product_cat":[60,45,35,59,28,70],"product_tag":[],"class_list":{"0":"post-1098","1":"product","2":"type-product","3":"status-publish","4":"has-post-thumbnail","6":"product_cat-autor","7":"product_cat-dirty-works","8":"product_cat-editorial","9":"product_cat-genero","10":"product_cat-narrativa","11":"product_cat-tom-franklin","12":"desktop-align-left","13":"tablet-align-left","14":"mobile-align-left","16":"first","17":"instock","18":"shipping-taxable","19":"purchasable","20":"product-type-simple"},"_links":{"self":[{"href":"https:\/\/lalibreripollet.es\/ca\/wp-json\/wp\/v2\/product\/1098","targetHints":{"allow":["GET"]}}],"collection":[{"href":"https:\/\/lalibreripollet.es\/ca\/wp-json\/wp\/v2\/product"}],"about":[{"href":"https:\/\/lalibreripollet.es\/ca\/wp-json\/wp\/v2\/types\/product"}],"wp:featuredmedia":[{"embeddable":true,"href":"https:\/\/lalibreripollet.es\/ca\/wp-json\/wp\/v2\/media\/1099"}],"wp:attachment":[{"href":"https:\/\/lalibreripollet.es\/ca\/wp-json\/wp\/v2\/media?parent=1098"}],"wp:term":[{"taxonomy":"product_brand","embeddable":true,"href":"https:\/\/lalibreripollet.es\/ca\/wp-json\/wp\/v2\/product_brand?post=1098"},{"taxonomy":"product_cat","embeddable":true,"href":"https:\/\/lalibreripollet.es\/ca\/wp-json\/wp\/v2\/product_cat?post=1098"},{"taxonomy":"product_tag","embeddable":true,"href":"https:\/\/lalibreripollet.es\/ca\/wp-json\/wp\/v2\/product_tag?post=1098"}],"curies":[{"name":"wp","href":"https:\/\/api.w.org\/{rel}","templated":true}]}}